{"id":166,"date":"2019-11-06T17:58:38","date_gmt":"2019-11-06T17:58:38","guid":{"rendered":"https:\/\/dfitelecom.ca\/?page_id=166"},"modified":"2019-11-21T18:36:10","modified_gmt":"2019-11-21T18:36:10","slug":"politique-de-confidentialite","status":"publish","type":"page","link":"https:\/\/groupedfi.com\/index.php\/politique-de-confidentialite\/","title":{"rendered":"Politique de confidentialit\u00e9"},"content":{"rendered":"<h3><b>Introduction<\/b><\/h3>\n<p>Devant le d\u00e9veloppement des nouveaux outils de communication, il est n\u00e9cessaire de porter une attention particuli\u00e8re \u00e0 la protection de la vie priv\u00e9e. C\u2019est pourquoi nous nous engageons \u00e0 respecter la confidentialit\u00e9 des renseignements personnels que nous collectons.<\/p>\n<h3>Site web<\/h3>\n<p>Site web\u00a0<a title=\"https:\/\/mariejodesign.com\" href=\"https:\/\/dfitelecom.ca\/\">https:\/\/dfitelecom.ca\/<\/a><\/p>\n<h3>Cookies<\/h3>\n<p>Pour assurer le bon fonctionnement de ce site, nous devons parfois enregistrer de petits fichiers de donn\u00e9es sur l&rsquo;\u00e9quipement de nos utilisateurs. La plupart des grands sites web font de m\u00eame.<\/p>\n<h3>Qu&rsquo;est-ce qu&rsquo;un cookie?<\/h3>\n<p>Un cookie est un petit fichier texte que les sites web sauvegardent sur votre ordinateur ou appareil mobile lorsque vous les consultez. Il permet \u00e0 ces sites de m\u00e9moriser vos actions et pr\u00e9f\u00e9rences (nom d&rsquo;utilisateur, langue, taille des caract\u00e8res et autres param\u00e8tres d&rsquo;affichage) pendant un temps donn\u00e9, pour que vous n&rsquo;ayez pas \u00e0 r\u00e9indiquer ces informations \u00e0 chaque fois vous consultez ces sites ou naviguez d&rsquo;une page \u00e0 une autre.<\/p>\n<h3>Comment utilisons-nous les cookies?<\/h3>\n<div class=\"alert\">\n<h3>Example:<\/h3>\n<div class=\"alert alert-info\">\n<p>Certaines de nos pages utilisent des cookies afin de m\u00e9moriser:<\/p>\n<ul>\n<li>vos pr\u00e9f\u00e9rences d&rsquo;affichage, comme le contraste et la taille des caract\u00e8res;<\/li>\n<li>si vous avez d\u00e9j\u00e0 r\u00e9pondu \u00e0 une enqu\u00eate vous demandant si le contenu vous a \u00e9t\u00e9 utile (la question ne vous sera ainsi pos\u00e9e qu&rsquo;une fois);<\/li>\n<li>si vous avez accept\u00e9 que nous utilisions des cookies sur ce site.<\/li>\n<\/ul>\n<p>En outre, certaines vid\u00e9os pr\u00e9sent\u00e9es sur nos pages utilisent des cookies pour recueillir des statistiques anonymes indiquant comment vous \u00eates arriv\u00e9 sur la page et quelles vid\u00e9os vous avez vues.<\/p>\n<p>Ces cookies ne sont pas indispensables au fonctionnement du site, mais ils facilitent votre navigation. Vous pouvez les bloquer ou les supprimer, mais vous risquez alors d&#8217;emp\u00eacher le bon fonctionnement de certains \u00e9l\u00e9ments du site.<\/p>\n<p>Les informations contenues dans les cookies ne visent pas \u00e0 vous identifier personnellement et nous en contr\u00f4lons pleinement les donn\u00e9es. Ces cookies ne sont jamais utilis\u00e9s \u00e0 d&rsquo;autres fins que celles indiqu\u00e9es ici.<\/p>\n<p>&nbsp;<\/p>\n<\/div>\n<\/div>\n<h3>Comment contr\u00f4ler les cookies<\/h3>\n<p>Vous pouvez contr\u00f4ler et\/ou supprimer des cookies comme vous le souhaitez. Pour en savoir plus, consultez\u00a0<a href=\"http:\/\/www.aboutcookies.org\/\" rel=\"nofollow\">aboutcookies.org<\/a>. Vous avez la possibilit\u00e9 de supprimer tous les cookies d\u00e9j\u00e0 stock\u00e9s sur votre ordinateur et de configurer la plupart des navigateurs pour qu&rsquo;ils les bloquent. Toutefois, dans ce cas, vous devrez peut-\u00eatre indiquer vous-m\u00eames certaines pr\u00e9f\u00e9rences chaque fois que vous vous rendrez sur un site, et certains services et fonctionnalit\u00e9s risquent de ne pas \u00eatre accessibles.<\/p>\n<p>&nbsp;<\/p>\n<h3>Collecte des renseignements personnels<\/h3>\n<p>Nous collectons les renseignements suivants :<\/p>\n<ul>\n<li>Nom<\/li>\n<li>Pr\u00e9nom<\/li>\n<li>Adresse \u00e9lectronique<\/li>\n<\/ul>\n<p>Les renseignements personnels que nous collectons sont recueillis au travers de formulaires et gr\u00e2ce \u00e0 l\u2019interactivit\u00e9 \u00e9tablie entre vous et notre site Web. Nous utilisons \u00e9galement, comme indiqu\u00e9 dans la section suivante, des fichiers t\u00e9moins et\/ou journaux pour r\u00e9unir des informations vous concernant.<\/p>\n<p>&nbsp;<\/p>\n<h3>Formulaires et interactivit\u00e9:<\/h3>\n<p>Vos renseignements personnels sont collect\u00e9s par le biais de formulaire, \u00e0 savoir :<\/p>\n<ul>\n<li>Formulaire d\u2019inscription au site Web<\/li>\n<li>Formulaire de contact<\/li>\n<\/ul>\n<p>Nous utilisons les renseignements ainsi collect\u00e9s pour les finalit\u00e9s suivantes :<\/p>\n<ul>\n<li>Informations \/ Offres promotionnelles<\/li>\n<li>Statistiques<\/li>\n<li>Contact<\/li>\n<\/ul>\n<p>Vos renseignements sont \u00e9galement collect\u00e9s par le biais de l\u2019interactivit\u00e9 pouvant s\u2019\u00e9tablir entre vous et notre site Web et ce, de la fa\u00e7on suivante:<\/p>\n<ul>\n<li>Statistiques<\/li>\n<li>Contact<\/li>\n<\/ul>\n<p>Nous utilisons les renseignements ainsi collect\u00e9s pour les finalit\u00e9s suivantes :<\/p>\n<ul>\n<li>Commentaires<\/li>\n<li>Correspondance<\/li>\n<li>Informations ou pour des offres promotionnelles<\/li>\n<\/ul>\n<p>&nbsp;<\/p>\n<h3>Fichiers journaux et t\u00e9moins<\/h3>\n<p>Nous recueillons certaines informations par le biais de fichiers journaux (log file) et de fichiers t\u00e9moins (cookies). Il s\u2019agit principalement des informations suivantes :<\/p>\n<ul>\n<li>Adresse IP<\/li>\n<li>Syst\u00e8me d\u2019exploitation<\/li>\n<li>Pages visit\u00e9es et requ\u00eates<\/li>\n<li>Heure et jour de connexion<\/li>\n<\/ul>\n<p>Le recours \u00e0 de tels fichiers nous permet :<\/p>\n<ul>\n<li>Am\u00e9lioration du service et accueil personnalis\u00e9<\/li>\n<li>Profil personnalis\u00e9 de consommation<\/li>\n<li>Statistique<\/li>\n<\/ul>\n<p>&nbsp;<\/p>\n<h3>Droit d\u2019opposition et de retrait<\/h3>\n<p>Nous nous engageons \u00e0 vous offrir un droit d\u2019opposition et de retrait quant \u00e0 vos renseignements personnels.<\/p>\n<p>Le droit d\u2019opposition s\u2019entend comme \u00e9tant la possiblit\u00e9 offerte aux internautes de refuser que leurs renseignements personnels soient utilis\u00e9es \u00e0 certaines fins mentionn\u00e9es lors de la collecte.<\/p>\n<p>Le droit de retrait s\u2019entend comme \u00e9tant la possiblit\u00e9 offerte aux internautes de demander \u00e0 ce que leurs renseignements personnels ne figurent plus, par exemple, dans une liste de diffusion.<\/p>\n<p>Pour pouvoir exercer ces droits, vous pouvez :<\/p>\n<p>Courriel : s.querrey@groupedfi.com<br \/>\nSite web : <a href=\"https:\/\/dfitelecom.ca\/\">https:\/\/dfitelecom.ca\/<\/a><\/p>\n<p>&nbsp;<\/p>\n<h3>Droit d\u2019acc\u00e8s<\/h3>\n<p>Nous nous engageons \u00e0 reconna\u00eetre un droit d\u2019acc\u00e8s et de rectification aux personnes concern\u00e9es d\u00e9sireuses de consulter, modifier, voire radier les informations les concernant.<\/p>\n<p>L\u2019exercice de ce droit se fera :<\/p>\n<p>Courriel : s.querrey@groupedfi.com<br \/>\nSite web : <a href=\"https:\/\/dfitelecom.ca\/\">https:\/\/dfitelecom.ca\/<\/a><\/p>\n<p>&nbsp;<\/p>\n<h3>S\u00e9curit\u00e9<\/h3>\n<p>Les renseignements personnels que nous collectons sont conserv\u00e9s dans un environnement s\u00e9curis\u00e9. Les personnes travaillant pour nous sont tenues de respecter la confidentialit\u00e9 de vos informations.<\/p>\n<p>Pour assurer la s\u00e9curit\u00e9 de vos renseignements personnels, nous avons recours aux mesures suivantes :<\/p>\n<ul>\n<li>Protocole SSL (Secure Sockets Layer)<\/li>\n<li>Gestion des acc\u00e8s \u2013 personne autoris\u00e9e<\/li>\n<li>Gestion des acc\u00e8s \u2013 personne concern\u00e9e<\/li>\n<li>Logiciel de surveillance du r\u00e9seau<\/li>\n<li>Sauvegarde informatique<\/li>\n<li>D\u00e9veloppement de certificat num\u00e9rique<\/li>\n<li>Pare-feu (Firewalls)<\/li>\n<\/ul>\n<p>Nous nous engageons \u00e0 maintenir un haut degr\u00e9 de confidentialit\u00e9 en int\u00e9grant les derni\u00e8res innovations technologiques permettant d\u2019assurer la confidentialit\u00e9 de vos transactions. Toutefois, comme aucun m\u00e9canisme n\u2019offre une s\u00e9curit\u00e9 maximale, une part de risque est toujours pr\u00e9sente lorsque l\u2019on utilise Internet pour transmettre des renseignements personnels.<\/p>\n<p>&nbsp;<\/p>\n<p>&nbsp;<\/p>\n","protected":false},"excerpt":{"rendered":"<p>Introduction Devant le d\u00e9veloppement des nouveaux outils de communication, il est n\u00e9cessaire de porter une attention particuli\u00e8re \u00e0 la protection de la vie priv\u00e9e. C\u2019est pourquoi nous nous engageons \u00e0 respecter la confidentialit\u00e9 des renseignements personnels que nous collectons. Site web Site web\u00a0https:\/\/dfitelecom.ca\/ Cookies Pour assurer le bon fonctionnement de ce site, nous devons parfois [&hellip;]<\/p>\n","protected":false},"author":2,"featured_media":0,"parent":0,"menu_order":0,"comment_status":"closed","ping_status":"closed","template":"","meta":{"_et_pb_use_builder":"","_et_pb_old_content":"","_et_gb_content_width":"","footnotes":""},"class_list":["post-166","page","type-page","status-publish","hentry"],"yoast_head":"<!-- This site is optimized with the Yoast SEO plugin v26.7 - https:\/\/yoast.com\/wordpress\/plugins\/seo\/ -->\n<title>Politique de confidentialit\u00e9 - Groupe DFI<\/title>\n<meta name=\"robots\" content=\"index, follow, max-snippet:-1, max-image-preview:large, max-video-preview:-1\" \/>\n<link rel=\"canonical\" href=\"https:\/\/groupedfi.com\/index.php\/politique-de-confidentialite\/\" \/>\n<meta property=\"og:locale\" content=\"fr_FR\" \/>\n<meta property=\"og:type\" content=\"article\" \/>\n<meta property=\"og:title\" content=\"Politique de confidentialit\u00e9 - Groupe DFI\" \/>\n<meta property=\"og:description\" content=\"Introduction Devant le d\u00e9veloppement des nouveaux outils de communication, il est n\u00e9cessaire de porter une attention particuli\u00e8re \u00e0 la protection de la vie priv\u00e9e. C\u2019est pourquoi nous nous engageons \u00e0 respecter la confidentialit\u00e9 des renseignements personnels que nous collectons. Site web Site web\u00a0https:\/\/dfitelecom.ca\/ Cookies Pour assurer le bon fonctionnement de ce site, nous devons parfois [&hellip;]\" \/>\n<meta property=\"og:url\" content=\"https:\/\/groupedfi.com\/index.php\/politique-de-confidentialite\/\" \/>\n<meta property=\"og:site_name\" content=\"Groupe DFI\" \/>\n<meta property=\"article:modified_time\" content=\"2019-11-21T18:36:10+00:00\" \/>\n<meta name=\"twitter:card\" content=\"summary_large_image\" \/>\n<meta name=\"twitter:label1\" content=\"Dur\u00e9e de lecture estim\u00e9e\" \/>\n\t<meta name=\"twitter:data1\" content=\"5 minutes\" \/>\n<script type=\"application\/ld+json\" class=\"yoast-schema-graph\">{\"@context\":\"https:\/\/schema.org\",\"@graph\":[{\"@type\":\"WebPage\",\"@id\":\"https:\/\/groupedfi.com\/index.php\/politique-de-confidentialite\/\",\"url\":\"https:\/\/groupedfi.com\/index.php\/politique-de-confidentialite\/\",\"name\":\"Politique de confidentialit\u00e9 - Groupe DFI\",\"isPartOf\":{\"@id\":\"https:\/\/groupedfi.com\/#website\"},\"datePublished\":\"2019-11-06T17:58:38+00:00\",\"dateModified\":\"2019-11-21T18:36:10+00:00\",\"breadcrumb\":{\"@id\":\"https:\/\/groupedfi.com\/index.php\/politique-de-confidentialite\/#breadcrumb\"},\"inLanguage\":\"fr-FR\",\"potentialAction\":[{\"@type\":\"ReadAction\",\"target\":[\"https:\/\/groupedfi.com\/index.php\/politique-de-confidentialite\/\"]}]},{\"@type\":\"BreadcrumbList\",\"@id\":\"https:\/\/groupedfi.com\/index.php\/politique-de-confidentialite\/#breadcrumb\",\"itemListElement\":[{\"@type\":\"ListItem\",\"position\":1,\"name\":\"Accueil\",\"item\":\"https:\/\/groupedfi.com\/\"},{\"@type\":\"ListItem\",\"position\":2,\"name\":\"Politique de confidentialit\u00e9\"}]},{\"@type\":\"WebSite\",\"@id\":\"https:\/\/groupedfi.com\/#website\",\"url\":\"https:\/\/groupedfi.com\/\",\"name\":\"Groupe DFI\",\"description\":\"Fondation de b\u00e9ton pour les tours de communication\",\"potentialAction\":[{\"@type\":\"SearchAction\",\"target\":{\"@type\":\"EntryPoint\",\"urlTemplate\":\"https:\/\/groupedfi.com\/?s={search_term_string}\"},\"query-input\":{\"@type\":\"PropertyValueSpecification\",\"valueRequired\":true,\"valueName\":\"search_term_string\"}}],\"inLanguage\":\"fr-FR\"}]}<\/script>\n<!-- \/ Yoast SEO plugin. -->","yoast_head_json":{"title":"Politique de confidentialit\u00e9 - Groupe DFI","robots":{"index":"index","follow":"follow","max-snippet":"max-snippet:-1","max-image-preview":"max-image-preview:large","max-video-preview":"max-video-preview:-1"},"canonical":"https:\/\/groupedfi.com\/index.php\/politique-de-confidentialite\/","og_locale":"fr_FR","og_type":"article","og_title":"Politique de confidentialit\u00e9 - Groupe DFI","og_description":"Introduction Devant le d\u00e9veloppement des nouveaux outils de communication, il est n\u00e9cessaire de porter une attention particuli\u00e8re \u00e0 la protection de la vie priv\u00e9e. C\u2019est pourquoi nous nous engageons \u00e0 respecter la confidentialit\u00e9 des renseignements personnels que nous collectons. Site web Site web\u00a0https:\/\/dfitelecom.ca\/ Cookies Pour assurer le bon fonctionnement de ce site, nous devons parfois [&hellip;]","og_url":"https:\/\/groupedfi.com\/index.php\/politique-de-confidentialite\/","og_site_name":"Groupe DFI","article_modified_time":"2019-11-21T18:36:10+00:00","twitter_card":"summary_large_image","twitter_misc":{"Dur\u00e9e de lecture estim\u00e9e":"5 minutes"},"schema":{"@context":"https:\/\/schema.org","@graph":[{"@type":"WebPage","@id":"https:\/\/groupedfi.com\/index.php\/politique-de-confidentialite\/","url":"https:\/\/groupedfi.com\/index.php\/politique-de-confidentialite\/","name":"Politique de confidentialit\u00e9 - Groupe DFI","isPartOf":{"@id":"https:\/\/groupedfi.com\/#website"},"datePublished":"2019-11-06T17:58:38+00:00","dateModified":"2019-11-21T18:36:10+00:00","breadcrumb":{"@id":"https:\/\/groupedfi.com\/index.php\/politique-de-confidentialite\/#breadcrumb"},"inLanguage":"fr-FR","potentialAction":[{"@type":"ReadAction","target":["https:\/\/groupedfi.com\/index.php\/politique-de-confidentialite\/"]}]},{"@type":"BreadcrumbList","@id":"https:\/\/groupedfi.com\/index.php\/politique-de-confidentialite\/#breadcrumb","itemListElement":[{"@type":"ListItem","position":1,"name":"Accueil","item":"https:\/\/groupedfi.com\/"},{"@type":"ListItem","position":2,"name":"Politique de confidentialit\u00e9"}]},{"@type":"WebSite","@id":"https:\/\/groupedfi.com\/#website","url":"https:\/\/groupedfi.com\/","name":"Groupe DFI","description":"Fondation de b\u00e9ton pour les tours de communication","potentialAction":[{"@type":"SearchAction","target":{"@type":"EntryPoint","urlTemplate":"https:\/\/groupedfi.com\/?s={search_term_string}"},"query-input":{"@type":"PropertyValueSpecification","valueRequired":true,"valueName":"search_term_string"}}],"inLanguage":"fr-FR"}]}},"_links":{"self":[{"href":"https:\/\/groupedfi.com\/index.php\/wp-json\/wp\/v2\/pages\/166","targetHints":{"allow":["GET"]}}],"collection":[{"href":"https:\/\/groupedfi.com\/index.php\/wp-json\/wp\/v2\/pages"}],"about":[{"href":"https:\/\/groupedfi.com\/index.php\/wp-json\/wp\/v2\/types\/page"}],"author":[{"embeddable":true,"href":"https:\/\/groupedfi.com\/index.php\/wp-json\/wp\/v2\/users\/2"}],"replies":[{"embeddable":true,"href":"https:\/\/groupedfi.com\/index.php\/wp-json\/wp\/v2\/comments?post=166"}],"version-history":[{"count":5,"href":"https:\/\/groupedfi.com\/index.php\/wp-json\/wp\/v2\/pages\/166\/revisions"}],"predecessor-version":[{"id":234,"href":"https:\/\/groupedfi.com\/index.php\/wp-json\/wp\/v2\/pages\/166\/revisions\/234"}],"wp:attachment":[{"href":"https:\/\/groupedfi.com\/index.php\/wp-json\/wp\/v2\/media?parent=166"}],"curies":[{"name":"wp","href":"https:\/\/api.w.org\/{rel}","templated":true}]}}